{"id":6439,"date":"2024-09-13T09:04:28","date_gmt":"2024-09-13T09:04:28","guid":{"rendered":"https:\/\/www.seedex.it\/prodotto\/raffinatrice-a-3-rulli-r50-r80\/"},"modified":"2025-09-04T07:16:23","modified_gmt":"2025-09-04T07:16:23","slug":"refinador-de-3-rodillos-r50-r80","status":"publish","type":"product","link":"https:\/\/www.seedex.it\/es\/prodotto\/refinador-de-3-rodillos-r50-r80\/","title":{"rendered":"REFINADOR DE 3 RODILLOS R50-R80"},"content":{"rendered":"","protected":false},"excerpt":{"rendered":"<p><span style=\"font-weight: 400;\">Esta m\u00e1quina est\u00e1 destinada a la preparaci\u00f3n, por ejemplo, de las <\/span><b>pastas de decoraci\u00f3n en el sector cer\u00e1mico<\/b><span style=\"font-weight: 400;\">, o de las <\/span><b>tintas en el sector serigr\u00e1fico<\/b><span style=\"font-weight: 400;\">, pero tambi\u00e9n es ampliamente utilizada en diversos sectores productivos (qu\u00edmica, cosm\u00e9tica, etc.).<\/span><\/p>\n<p><span style=\"font-weight: 400;\">Est\u00e1 disponible en dos versiones:<\/span><\/p>\n<p><b>R50<\/b><\/p>\n<ul>\n<li style=\"font-weight: 400;\" aria-level=\"1\"><span style=\"font-weight: 400;\">Rodillos de <\/span><b>acero templado y cromado con cromo duro<\/b><span style=\"font-weight: 400;\">, \u00f8 50\u00a0mm, longitud 190\u00a0mm.<\/span><\/li>\n<li style=\"font-weight: 400;\" aria-level=\"1\"><span style=\"font-weight: 400;\">Producci\u00f3n horaria aproximada: <\/span><b>7 a 10 kg<\/b><span style=\"font-weight: 400;\">.<\/span><\/li>\n<\/ul>\n<p><b>R80<\/b><\/p>\n<ul>\n<li style=\"font-weight: 400;\" aria-level=\"1\"><span style=\"font-weight: 400;\">Rodillos de <\/span><b>acero templado y cromado con cromo duro<\/b><span style=\"font-weight: 400;\">, \u00f8 80\u00a0mm, longitud 250\u00a0mm.<\/span><\/li>\n<\/ul>\n<p><span style=\"font-weight: 400;\">Producci\u00f3n horaria aproximada: <\/span><b>18 a 25 kg\/h<\/b><span style=\"font-weight: 400;\">.<\/span><\/p>\n","protected":false},"featured_media":6440,"template":"","meta":{"_acf_changed":false,"_vp_format_video_url":"","_vp_image_focal_point":[]},"product_cat":[560,676],"product_tag":[],"class_list":{"0":"post-6439","1":"product","2":"type-product","3":"status-publish","4":"has-post-thumbnail","6":"product_cat-laboratorio-ceramico-e-di-controllo-es","7":"product_cat-refineras-de-rodillos","9":"first","10":"instock","11":"product-type-simple"},"acf":[],"_links":{"self":[{"href":"https:\/\/www.seedex.it\/es\/wp-json\/wp\/v2\/product\/6439"}],"collection":[{"href":"https:\/\/www.seedex.it\/es\/wp-json\/wp\/v2\/product"}],"about":[{"href":"https:\/\/www.seedex.it\/es\/wp-json\/wp\/v2\/types\/product"}],"wp:featuredmedia":[{"embeddable":true,"href":"https:\/\/www.seedex.it\/es\/wp-json\/wp\/v2\/media\/6440"}],"wp:attachment":[{"href":"https:\/\/www.seedex.it\/es\/wp-json\/wp\/v2\/media?parent=6439"}],"wp:term":[{"taxonomy":"product_cat","embeddable":true,"href":"https:\/\/www.seedex.it\/es\/wp-json\/wp\/v2\/product_cat?post=6439"},{"taxonomy":"product_tag","embeddable":true,"href":"https:\/\/www.seedex.it\/es\/wp-json\/wp\/v2\/product_tag?post=6439"}],"curies":[{"name":"wp","href":"https:\/\/api.w.org\/{rel}","templated":true}]}}