{"id":6303,"date":"2024-09-13T09:04:43","date_gmt":"2024-09-13T09:04:43","guid":{"rendered":"https:\/\/www.seedex.it\/prodotto\/mulino-rapido-da-laboratorio-speedy\/"},"modified":"2025-09-03T14:50:16","modified_gmt":"2025-09-03T14:50:16","slug":"molino-rapido-speedy","status":"publish","type":"product","link":"https:\/\/www.seedex.it\/es\/prodotto\/molino-rapido-speedy\/","title":{"rendered":"MOLINO R\u00c1PIDO SPEEDY"},"content":{"rendered":"","protected":false},"excerpt":{"rendered":"<p><span style=\"font-weight: 400;\">Esta m\u00e1quina de laboratorio es adecuada para la <\/span><b>molienda r\u00e1pida de fritas, esmaltes, colorantes, etc.<\/b><\/p>\n<p><span style=\"font-weight: 400;\">Es ideal para <\/span><b>laboratorios cer\u00e1micos, f\u00e1bricas de pintura, cementeras, industrias alimentarias, industrias cosm\u00e9ticas, farmac\u00e9uticas, f\u00e1bricas de piensos, laboratorios de investigaci\u00f3n,<\/b><span style=\"font-weight: 400;\"> etc.<\/span><\/p>\n<p><span style=\"font-weight: 400;\">Esta m\u00e1quina est\u00e1 dise\u00f1ada para moler con <\/span><b>jarras de 1000cc<\/b><span style=\"font-weight: 400;\">, y, con el accesorio adecuado (opcional), con <\/span><b>jarras de 300cc<\/b><span style=\"font-weight: 400;\">.<\/span><\/p>\n<p><span style=\"font-weight: 400;\">Est\u00e1 construida con <\/span><b>m\u00f3dulos componibles<\/b><span style=\"font-weight: 400;\"> equipados con una caja insonorizada pintada al horno y control electr\u00f3nico del ciclo.<\/span><\/p>\n<p>&nbsp;<\/p>\n<p>&nbsp;<\/p>\n","protected":false},"featured_media":6305,"template":"","meta":{"_acf_changed":false,"_vp_format_video_url":"","_vp_image_focal_point":[]},"product_cat":[560,652],"product_tag":[],"class_list":{"0":"post-6303","1":"product","2":"type-product","3":"status-publish","4":"has-post-thumbnail","6":"product_cat-laboratorio-ceramico-e-di-controllo-es","7":"product_cat-molino-rapido-speedy","9":"first","10":"instock","11":"product-type-simple"},"acf":[],"_links":{"self":[{"href":"https:\/\/www.seedex.it\/es\/wp-json\/wp\/v2\/product\/6303"}],"collection":[{"href":"https:\/\/www.seedex.it\/es\/wp-json\/wp\/v2\/product"}],"about":[{"href":"https:\/\/www.seedex.it\/es\/wp-json\/wp\/v2\/types\/product"}],"wp:featuredmedia":[{"embeddable":true,"href":"https:\/\/www.seedex.it\/es\/wp-json\/wp\/v2\/media\/6305"}],"wp:attachment":[{"href":"https:\/\/www.seedex.it\/es\/wp-json\/wp\/v2\/media?parent=6303"}],"wp:term":[{"taxonomy":"product_cat","embeddable":true,"href":"https:\/\/www.seedex.it\/es\/wp-json\/wp\/v2\/product_cat?post=6303"},{"taxonomy":"product_tag","embeddable":true,"href":"https:\/\/www.seedex.it\/es\/wp-json\/wp\/v2\/product_tag?post=6303"}],"curies":[{"name":"wp","href":"https:\/\/api.w.org\/{rel}","templated":true}]}}