{"id":6271,"date":"2024-09-13T09:04:43","date_gmt":"2024-09-13T09:04:43","guid":{"rendered":"https:\/\/www.seedex.it\/prodotto\/mulini-a-martelli-da-laboratorio-serie-hm-530\/"},"modified":"2025-09-03T14:33:30","modified_gmt":"2025-09-03T14:33:30","slug":"molinos-de-martillos-de-laboratorio-serie-hm-530","status":"publish","type":"product","link":"https:\/\/www.seedex.it\/es\/prodotto\/molinos-de-martillos-de-laboratorio-serie-hm-530\/","title":{"rendered":"MOLINOS DE MARTILLOS DE LABORATORIO SERIE HM\/530"},"content":{"rendered":"","protected":false},"excerpt":{"rendered":"<p><span style=\"font-weight: 400;\">Para la molienda de materiales semiduros y fr\u00e1giles como arcillas, granillas, chamotas cocidas, desechos, aislantes, carb\u00f3n, calizas, caolines, escorias, etc.<\/span><\/p>\n<p><span style=\"font-weight: 400;\">El grado de finura est\u00e1 en relaci\u00f3n con el tipo de tamiz utilizado. La producci\u00f3n var\u00eda en funci\u00f3n de la finura que se desee obtener, y puede oscilar indicativamente entre 5 y 30 Kg\/h. El material de entrada debe tener una dimensi\u00f3n m\u00e1xima de 20\/25 mm.<\/span><\/p>\n<p><b>Molino de martillos Mod. HM\/530\/C<\/b><\/p>\n<p><b>Caracter\u00edsticas generales:<\/b><\/p>\n<ul>\n<li style=\"font-weight: 400;\" aria-level=\"1\"><span style=\"font-weight: 400;\">C\u00e1mara de molienda \u00f8 150 mm.<\/span><\/li>\n<li style=\"font-weight: 400;\" aria-level=\"1\"><span style=\"font-weight: 400;\">Rotor con 3 martillos de distancia regulable e intercambiables.<\/span><\/li>\n<\/ul>\n<p><b>Molino de martillos HMV\/530\/C<\/b><\/p>\n<p><span style=\"font-weight: 400;\">Igual que el modelo base pero con las siguientes variantes:<\/span><\/p>\n<ul>\n<li style=\"font-weight: 400;\" aria-level=\"1\"><span style=\"font-weight: 400;\">Cuadro el\u00e9ctrico de mando con seccionador general, pulsadores de marcha y parada y potenci\u00f3metro para la regulaci\u00f3n de la velocidad de rotaci\u00f3n.<\/span><\/li>\n<\/ul>\n<p>&nbsp;<\/p>\n<p>&nbsp;<\/p>\n","protected":false},"featured_media":6273,"template":"","meta":{"_acf_changed":false,"_vp_format_video_url":"","_vp_image_focal_point":[]},"product_cat":[560,648],"product_tag":[],"class_list":{"0":"post-6271","1":"product","2":"type-product","3":"status-publish","4":"has-post-thumbnail","6":"product_cat-laboratorio-ceramico-e-di-controllo-es","7":"product_cat-molino-de-martillos","9":"first","10":"instock","11":"product-type-simple"},"acf":[],"_links":{"self":[{"href":"https:\/\/www.seedex.it\/es\/wp-json\/wp\/v2\/product\/6271"}],"collection":[{"href":"https:\/\/www.seedex.it\/es\/wp-json\/wp\/v2\/product"}],"about":[{"href":"https:\/\/www.seedex.it\/es\/wp-json\/wp\/v2\/types\/product"}],"wp:featuredmedia":[{"embeddable":true,"href":"https:\/\/www.seedex.it\/es\/wp-json\/wp\/v2\/media\/6273"}],"wp:attachment":[{"href":"https:\/\/www.seedex.it\/es\/wp-json\/wp\/v2\/media?parent=6271"}],"wp:term":[{"taxonomy":"product_cat","embeddable":true,"href":"https:\/\/www.seedex.it\/es\/wp-json\/wp\/v2\/product_cat?post=6271"},{"taxonomy":"product_tag","embeddable":true,"href":"https:\/\/www.seedex.it\/es\/wp-json\/wp\/v2\/product_tag?post=6271"}],"curies":[{"name":"wp","href":"https:\/\/api.w.org\/{rel}","templated":true}]}}