{"id":6254,"date":"2024-09-13T09:04:43","date_gmt":"2024-09-13T09:04:43","guid":{"rendered":"https:\/\/www.seedex.it\/prodotto\/mulino-a-rulli-da-tavolo\/"},"modified":"2025-09-03T14:23:31","modified_gmt":"2025-09-03T14:23:31","slug":"molino-de-rodillos-de-mesa","status":"publish","type":"product","link":"https:\/\/www.seedex.it\/es\/prodotto\/molino-de-rodillos-de-mesa\/","title":{"rendered":"MOLINO DE RODILLOS DE MESA"},"content":{"rendered":"","protected":false},"excerpt":{"rendered":"<p><span style=\"font-weight: 400;\">Este es un molino dise\u00f1ado para el uso de jarras cil\u00edndricas, donde la molienda se realiza mediante la rotaci\u00f3n de las jarras sobre los rodillos.<\/span><\/p>\n<p><b>CARACTER\u00cdSTICAS<\/b><\/p>\n<ul>\n<li style=\"font-weight: 400;\" aria-level=\"1\"><b>Principio de molienda:<\/b><span style=\"font-weight: 400;\"> Por ca\u00edda<\/span><\/li>\n<li style=\"font-weight: 400;\" aria-level=\"1\"><b>Capacidad m\u00e1xima de trabajo:<\/b><span style=\"font-weight: 400;\"> 1 sola jarra a la vez con capacidades de 1,5, 3, 5, 7 o 10 litros.<\/span><\/li>\n<\/ul>\n","protected":false},"featured_media":6256,"template":"","meta":{"_acf_changed":false,"_vp_format_video_url":"","_vp_image_focal_point":[]},"product_cat":[560,644],"product_tag":[],"class_list":{"0":"post-6254","1":"product","2":"type-product","3":"status-publish","4":"has-post-thumbnail","6":"product_cat-laboratorio-ceramico-e-di-controllo-es","7":"product_cat-molino-de-rodillos-de-mesa","9":"first","10":"instock","11":"product-type-simple"},"acf":[],"_links":{"self":[{"href":"https:\/\/www.seedex.it\/es\/wp-json\/wp\/v2\/product\/6254"}],"collection":[{"href":"https:\/\/www.seedex.it\/es\/wp-json\/wp\/v2\/product"}],"about":[{"href":"https:\/\/www.seedex.it\/es\/wp-json\/wp\/v2\/types\/product"}],"wp:featuredmedia":[{"embeddable":true,"href":"https:\/\/www.seedex.it\/es\/wp-json\/wp\/v2\/media\/6256"}],"wp:attachment":[{"href":"https:\/\/www.seedex.it\/es\/wp-json\/wp\/v2\/media?parent=6254"}],"wp:term":[{"taxonomy":"product_cat","embeddable":true,"href":"https:\/\/www.seedex.it\/es\/wp-json\/wp\/v2\/product_cat?post=6254"},{"taxonomy":"product_tag","embeddable":true,"href":"https:\/\/www.seedex.it\/es\/wp-json\/wp\/v2\/product_tag?post=6254"}],"curies":[{"name":"wp","href":"https:\/\/api.w.org\/{rel}","templated":true}]}}