{"id":6236,"date":"2024-09-13T09:04:43","date_gmt":"2024-09-13T09:04:43","guid":{"rendered":"https:\/\/www.seedex.it\/prodotto\/misuratori-universali-dds-d\/"},"modified":"2025-09-03T13:59:56","modified_gmt":"2025-09-03T13:59:56","slug":"medidores-universales-dds-d","status":"publish","type":"product","link":"https:\/\/www.seedex.it\/es\/prodotto\/medidores-universales-dds-d\/","title":{"rendered":"MEDIDORES UNIVERSALES DDS\/D"},"content":{"rendered":"","protected":false},"excerpt":{"rendered":"<p><span style=\"font-weight: 400;\">Este es un instrumento semiautom\u00e1tico de laboratorio para la determinaci\u00f3n de las caracter\u00edsticas dimensionales de las baldosas (longitud, ortogonalidad, planitud, alabeo, rectitud de los bordes, curvatura de los lados) seg\u00fan la norma UNI EN ISO 10545-2.<\/span><\/p>\n<p><span style=\"font-weight: 400;\">Las mediciones se realizan por diferencia entre una placa de calibraci\u00f3n patr\u00f3n y las baldosas cer\u00e1micas, medida mediante el uso de comparadores digitales.<\/span><\/p>\n<p><b>Se suministra completo con:<\/b><\/p>\n<ul>\n<li style=\"font-weight: 400;\" aria-level=\"1\"><span style=\"font-weight: 400;\">6 comparadores digitales (1\/100 mm)<\/span><\/li>\n<li style=\"font-weight: 400;\" aria-level=\"1\"><span style=\"font-weight: 400;\">6 cables USB<\/span><\/li>\n<li style=\"font-weight: 400;\" aria-level=\"1\"><span style=\"font-weight: 400;\">1 concentrador USB de 7 puertos<\/span><\/li>\n<li style=\"font-weight: 400;\" aria-level=\"1\"><span style=\"font-weight: 400;\">1 cable USB para conexi\u00f3n a PC<\/span><\/li>\n<li style=\"font-weight: 400;\" aria-level=\"1\"><span style=\"font-weight: 400;\">1 Notebook con sistema operativo y software dataCEN\/04 preinstalados y probados<\/span><\/li>\n<li style=\"font-weight: 400;\" aria-level=\"1\"><span style=\"font-weight: 400;\">1 llave de hardware<\/span><\/li>\n<li style=\"font-weight: 400;\" aria-level=\"1\"><span style=\"font-weight: 400;\">3 cables de elevaci\u00f3n auto-stop para comparadores laterales<\/span><\/li>\n<li style=\"font-weight: 400;\" aria-level=\"1\"><span style=\"font-weight: 400;\">Una serie de soportes para baldosas con espesores de 3 a 15 mm.<\/span><\/li>\n<\/ul>\n<p><span style=\"font-weight: 400;\">Hay varios modelos disponibles, que difieren en el tama\u00f1o m\u00e1ximo de las baldosas.<\/span><\/p>\n","protected":false},"featured_media":6237,"template":"","meta":{"_acf_changed":false,"_vp_format_video_url":"","_vp_image_focal_point":[]},"product_cat":[476,560,640],"product_tag":[],"class_list":{"0":"post-6236","1":"product","2":"type-product","3":"status-publish","4":"has-post-thumbnail","6":"product_cat-featured-es","7":"product_cat-laboratorio-ceramico-e-di-controllo-es","8":"product_cat-medidores-universales-dds","10":"first","11":"instock","12":"product-type-simple"},"acf":[],"_links":{"self":[{"href":"https:\/\/www.seedex.it\/es\/wp-json\/wp\/v2\/product\/6236"}],"collection":[{"href":"https:\/\/www.seedex.it\/es\/wp-json\/wp\/v2\/product"}],"about":[{"href":"https:\/\/www.seedex.it\/es\/wp-json\/wp\/v2\/types\/product"}],"wp:featuredmedia":[{"embeddable":true,"href":"https:\/\/www.seedex.it\/es\/wp-json\/wp\/v2\/media\/6237"}],"wp:attachment":[{"href":"https:\/\/www.seedex.it\/es\/wp-json\/wp\/v2\/media?parent=6236"}],"wp:term":[{"taxonomy":"product_cat","embeddable":true,"href":"https:\/\/www.seedex.it\/es\/wp-json\/wp\/v2\/product_cat?post=6236"},{"taxonomy":"product_tag","embeddable":true,"href":"https:\/\/www.seedex.it\/es\/wp-json\/wp\/v2\/product_tag?post=6236"}],"curies":[{"name":"wp","href":"https:\/\/api.w.org\/{rel}","templated":true}]}}