{"id":6220,"date":"2024-09-13T09:04:43","date_gmt":"2024-09-13T09:04:43","guid":{"rendered":"https:\/\/www.seedex.it\/prodotto\/misuratori-portatili-di-planarita-mpp\/"},"modified":"2025-09-03T13:50:37","modified_gmt":"2025-09-03T13:50:37","slug":"medidores-portatiles-de-planaridad-mpp","status":"publish","type":"product","link":"https:\/\/www.seedex.it\/es\/prodotto\/medidores-portatiles-de-planaridad-mpp\/","title":{"rendered":"MEDIDORES PORT\u00c1TILES DE PLANARIDAD MPP"},"content":{"rendered":"","protected":false},"excerpt":{"rendered":"<p><span style=\"font-weight: 400;\">Estos instrumentos son id\u00f3neos para la <\/span><b>r\u00e1pida determinaci\u00f3n de la planaridad de baldosas cer\u00e1micas, medida en la diagonal.<\/b><\/p>\n<p><span style=\"font-weight: 400;\">Est\u00e1n compuestos por una barra de aleaci\u00f3n de aluminio anodizado duro, con dos patas calibradas puntiagudas de distancia ajustable, dos patas calibradas cil\u00edndricas, una burbuja esf\u00e9rica de nivel y un comparador digital centesimal con una precisi\u00f3n de \u00b10,015\u00a0mm. Se suministran completos con una varilla rectificada para la adquisici\u00f3n del cero.<\/span><\/p>\n<p><span style=\"font-weight: 400;\">Varias dimensiones disponibles, hasta 1600\u00a0mm.<\/span><\/p>\n<p><span style=\"font-weight: 400;\">Tambi\u00e9n disponibles en versi\u00f3n para ladrillos.<\/span><\/p>\n","protected":false},"featured_media":6222,"template":"","meta":{"_acf_changed":false,"_vp_format_video_url":"","_vp_image_focal_point":[]},"product_cat":[560,636],"product_tag":[],"class_list":{"0":"post-6220","1":"product","2":"type-product","3":"status-publish","4":"has-post-thumbnail","6":"product_cat-laboratorio-ceramico-e-di-controllo-es","7":"product_cat-medidor-portatil-de-planitud","9":"first","10":"instock","11":"product-type-simple"},"acf":[],"_links":{"self":[{"href":"https:\/\/www.seedex.it\/es\/wp-json\/wp\/v2\/product\/6220"}],"collection":[{"href":"https:\/\/www.seedex.it\/es\/wp-json\/wp\/v2\/product"}],"about":[{"href":"https:\/\/www.seedex.it\/es\/wp-json\/wp\/v2\/types\/product"}],"wp:featuredmedia":[{"embeddable":true,"href":"https:\/\/www.seedex.it\/es\/wp-json\/wp\/v2\/media\/6222"}],"wp:attachment":[{"href":"https:\/\/www.seedex.it\/es\/wp-json\/wp\/v2\/media?parent=6220"}],"wp:term":[{"taxonomy":"product_cat","embeddable":true,"href":"https:\/\/www.seedex.it\/es\/wp-json\/wp\/v2\/product_cat?post=6220"},{"taxonomy":"product_tag","embeddable":true,"href":"https:\/\/www.seedex.it\/es\/wp-json\/wp\/v2\/product_tag?post=6220"}],"curies":[{"name":"wp","href":"https:\/\/api.w.org\/{rel}","templated":true}]}}