{"id":6177,"date":"2024-09-13T09:04:44","date_gmt":"2024-09-13T09:04:44","guid":{"rendered":"https:\/\/www.seedex.it\/prodotto\/matite-mohs-in-metallo\/"},"modified":"2025-09-03T13:24:36","modified_gmt":"2025-09-03T13:24:36","slug":"lapices-mohs-de-metal","status":"publish","type":"product","link":"https:\/\/www.seedex.it\/es\/prodotto\/lapices-mohs-de-metal\/","title":{"rendered":"L\u00c1PICES MOHS DE METAL"},"content":{"rendered":"","protected":false},"excerpt":{"rendered":"<p><span style=\"font-weight: 400;\">Este kit est\u00e1 dise\u00f1ado para la determinaci\u00f3n de la <\/span><b>dureza de las superficies<\/b><span style=\"font-weight: 400;\"> seg\u00fan la escala de dureza de Mohs.<\/span><\/p>\n","protected":false},"featured_media":6179,"template":"","meta":{"_acf_changed":false,"_vp_format_video_url":"","_vp_image_focal_point":[]},"product_cat":[560,626],"product_tag":[],"class_list":{"0":"post-6177","1":"product","2":"type-product","3":"status-publish","4":"has-post-thumbnail","6":"product_cat-laboratorio-ceramico-e-di-controllo-es","7":"product_cat-lapices-y-minerales-mohs","9":"first","10":"instock","11":"product-type-simple"},"acf":[],"_links":{"self":[{"href":"https:\/\/www.seedex.it\/es\/wp-json\/wp\/v2\/product\/6177"}],"collection":[{"href":"https:\/\/www.seedex.it\/es\/wp-json\/wp\/v2\/product"}],"about":[{"href":"https:\/\/www.seedex.it\/es\/wp-json\/wp\/v2\/types\/product"}],"wp:featuredmedia":[{"embeddable":true,"href":"https:\/\/www.seedex.it\/es\/wp-json\/wp\/v2\/media\/6179"}],"wp:attachment":[{"href":"https:\/\/www.seedex.it\/es\/wp-json\/wp\/v2\/media?parent=6177"}],"wp:term":[{"taxonomy":"product_cat","embeddable":true,"href":"https:\/\/www.seedex.it\/es\/wp-json\/wp\/v2\/product_cat?post=6177"},{"taxonomy":"product_tag","embeddable":true,"href":"https:\/\/www.seedex.it\/es\/wp-json\/wp\/v2\/product_tag?post=6177"}],"curies":[{"name":"wp","href":"https:\/\/api.w.org\/{rel}","templated":true}]}}