{"id":6118,"date":"2024-09-13T09:04:43","date_gmt":"2024-09-13T09:04:43","guid":{"rendered":"https:\/\/www.seedex.it\/prodotto\/igrometro-per-determinazione-umidita-nelle-polveri-speedy-d2\/"},"modified":"2025-09-03T12:56:35","modified_gmt":"2025-09-03T12:56:35","slug":"higrometro-para-determinacion-de-humedad-en-polvos-speedy-d2","status":"publish","type":"product","link":"https:\/\/www.seedex.it\/es\/prodotto\/higrometro-para-determinacion-de-humedad-en-polvos-speedy-d2\/","title":{"rendered":"HIGR\u00d3METRO PARA DETERMINACI\u00d3N DE HUMEDAD EN POLVOS, SPEEDY D2"},"content":{"rendered":"","protected":false},"excerpt":{"rendered":"<p><span style=\"font-weight: 400;\">Estos instrumentos son id\u00f3neos para la determinaci\u00f3n del porcentaje de humedad de materiales finamente molidos utilizados en industrias cer\u00e1micas, cementeras, trituradoras, etc., y en general en cualquier proceso productivo donde existan sustancias reducibles a granulometr\u00edas finas.<\/span><\/p>\n<p><span style=\"font-weight: 400;\">El principio de funcionamiento se basa en la reacci\u00f3n entre el agua y el carburo de calcio refinado con el que trabajan los aparatos, que desarrolla gas acetileno.<\/span><\/p>\n<p>&nbsp;<\/p>\n","protected":false},"featured_media":6120,"template":"","meta":{"_acf_changed":false,"_vp_format_video_url":"","_vp_image_focal_point":[]},"product_cat":[618,560],"product_tag":[],"class_list":{"0":"post-6118","1":"product","2":"type-product","3":"status-publish","4":"has-post-thumbnail","6":"product_cat-higrometro-de-carburo-de-calcio-speedy","7":"product_cat-laboratorio-ceramico-e-di-controllo-es","9":"first","10":"instock","11":"product-type-simple"},"acf":[],"_links":{"self":[{"href":"https:\/\/www.seedex.it\/es\/wp-json\/wp\/v2\/product\/6118"}],"collection":[{"href":"https:\/\/www.seedex.it\/es\/wp-json\/wp\/v2\/product"}],"about":[{"href":"https:\/\/www.seedex.it\/es\/wp-json\/wp\/v2\/types\/product"}],"wp:featuredmedia":[{"embeddable":true,"href":"https:\/\/www.seedex.it\/es\/wp-json\/wp\/v2\/media\/6120"}],"wp:attachment":[{"href":"https:\/\/www.seedex.it\/es\/wp-json\/wp\/v2\/media?parent=6118"}],"wp:term":[{"taxonomy":"product_cat","embeddable":true,"href":"https:\/\/www.seedex.it\/es\/wp-json\/wp\/v2\/product_cat?post=6118"},{"taxonomy":"product_tag","embeddable":true,"href":"https:\/\/www.seedex.it\/es\/wp-json\/wp\/v2\/product_tag?post=6118"}],"curies":[{"name":"wp","href":"https:\/\/api.w.org\/{rel}","templated":true}]}}