{"id":6107,"date":"2024-09-13T09:04:43","date_gmt":"2024-09-13T09:04:43","guid":{"rendered":"https:\/\/www.seedex.it\/prodotto\/glossmetro-3angoli\/"},"modified":"2025-09-03T12:49:19","modified_gmt":"2025-09-03T12:49:19","slug":"glossmetro-3angoli","status":"publish","type":"product","link":"https:\/\/www.seedex.it\/es\/prodotto\/glossmetro-3angoli\/","title":{"rendered":"GLOSSMETRO 3ANGOLI"},"content":{"rendered":"","protected":false},"excerpt":{"rendered":"<p><span style=\"font-weight: 400;\">El <\/span><b>glossmeter port\u00e1til profesional de 3 \u00e1ngulos<\/b><span style=\"font-weight: 400;\"> ofrece una soluci\u00f3n completa para cualquier aplicaci\u00f3n y necesidad de medici\u00f3n del brillo superficial.<\/span><\/p>\n<p><span style=\"font-weight: 400;\">Este instrumento se utiliza para medir el grado de brillo de las superficies y puede aplicarse a pinturas, tintas, revestimientos, m\u00e1rmol, granito, baldosas pulidas vitrificadas, cer\u00e1micas, ladrillos, porcelana, y mucho m\u00e1s.<\/span><\/p>\n<p><span style=\"font-weight: 400;\">Sus tres geometr\u00edas de detecci\u00f3n (20\u00b0, 60\u00b0 y 85\u00b0 respectivamente) permiten la m\u00e1xima versatilidad de uso, abarcando superficies de bajo, medio y alto brillo.<\/span><\/p>\n<p>&nbsp;<\/p>\n","protected":false},"featured_media":6109,"template":"","meta":{"_acf_changed":false,"_vp_format_video_url":"","_vp_image_focal_point":[]},"product_cat":[616,560],"product_tag":[],"class_list":{"0":"post-6107","1":"product","2":"type-product","3":"status-publish","4":"has-post-thumbnail","6":"product_cat-glossimetro","7":"product_cat-laboratorio-ceramico-e-di-controllo-es","9":"first","10":"instock","11":"product-type-simple"},"acf":[],"_links":{"self":[{"href":"https:\/\/www.seedex.it\/es\/wp-json\/wp\/v2\/product\/6107"}],"collection":[{"href":"https:\/\/www.seedex.it\/es\/wp-json\/wp\/v2\/product"}],"about":[{"href":"https:\/\/www.seedex.it\/es\/wp-json\/wp\/v2\/types\/product"}],"wp:featuredmedia":[{"embeddable":true,"href":"https:\/\/www.seedex.it\/es\/wp-json\/wp\/v2\/media\/6109"}],"wp:attachment":[{"href":"https:\/\/www.seedex.it\/es\/wp-json\/wp\/v2\/media?parent=6107"}],"wp:term":[{"taxonomy":"product_cat","embeddable":true,"href":"https:\/\/www.seedex.it\/es\/wp-json\/wp\/v2\/product_cat?post=6107"},{"taxonomy":"product_tag","embeddable":true,"href":"https:\/\/www.seedex.it\/es\/wp-json\/wp\/v2\/product_tag?post=6107"}],"curies":[{"name":"wp","href":"https:\/\/api.w.org\/{rel}","templated":true}]}}