{"id":6065,"date":"2024-09-13T09:04:43","date_gmt":"2024-09-13T09:04:43","guid":{"rendered":"https:\/\/www.seedex.it\/prodotto\/forni-fusori-fcn\/"},"modified":"2025-09-03T12:27:59","modified_gmt":"2025-09-03T12:27:59","slug":"hornos-de-fusion-fcn","status":"publish","type":"product","link":"https:\/\/www.seedex.it\/es\/prodotto\/hornos-de-fusion-fcn\/","title":{"rendered":"HORNOS DE FUSI\u00d3N FCN"},"content":{"rendered":"","protected":false},"excerpt":{"rendered":"<p><span style=\"font-weight: 400;\">Este es un horno de fusi\u00f3n tipo solera m\u00f3vil, ya que, mediante un mecanismo adecuado, la solera del horno sobre la que se apoya el crisol puede subir y bajar. Esto permite retirar f\u00e1cilmente el crisol, con una pinza adecuada, una vez que se ha comprobado que la mezcla de prueba est\u00e1 fundida.<\/span><\/p>\n<ul>\n<li style=\"font-weight: 400;\" aria-level=\"1\"><span style=\"font-weight: 400;\">Cantidad de mezcla a fundir: aproximadamente 600-1000 g<\/span><\/li>\n<li style=\"font-weight: 400;\" aria-level=\"1\"><span style=\"font-weight: 400;\">Temperatura m\u00e1xima: +1600 \u00b0C<\/span><\/li>\n<\/ul>\n<p><span style=\"font-weight: 400;\">Tambi\u00e9n disponible en una versi\u00f3n con una temperatura m\u00e1xima de +1700\u00b0C.<\/span><\/p>\n","protected":false},"featured_media":6067,"template":"","meta":{"_acf_changed":false,"_vp_format_video_url":"","_vp_image_focal_point":[]},"product_cat":[608,560],"product_tag":[],"class_list":{"0":"post-6065","1":"product","2":"type-product","3":"status-publish","4":"has-post-thumbnail","6":"product_cat-hornos-de-fusion-fcn","7":"product_cat-laboratorio-ceramico-e-di-controllo-es","9":"first","10":"instock","11":"product-type-simple"},"acf":[],"_links":{"self":[{"href":"https:\/\/www.seedex.it\/es\/wp-json\/wp\/v2\/product\/6065"}],"collection":[{"href":"https:\/\/www.seedex.it\/es\/wp-json\/wp\/v2\/product"}],"about":[{"href":"https:\/\/www.seedex.it\/es\/wp-json\/wp\/v2\/types\/product"}],"wp:featuredmedia":[{"embeddable":true,"href":"https:\/\/www.seedex.it\/es\/wp-json\/wp\/v2\/media\/6067"}],"wp:attachment":[{"href":"https:\/\/www.seedex.it\/es\/wp-json\/wp\/v2\/media?parent=6065"}],"wp:term":[{"taxonomy":"product_cat","embeddable":true,"href":"https:\/\/www.seedex.it\/es\/wp-json\/wp\/v2\/product_cat?post=6065"},{"taxonomy":"product_tag","embeddable":true,"href":"https:\/\/www.seedex.it\/es\/wp-json\/wp\/v2\/product_tag?post=6065"}],"curies":[{"name":"wp","href":"https:\/\/api.w.org\/{rel}","templated":true}]}}