{"id":6011,"date":"2024-09-13T09:04:59","date_gmt":"2024-09-13T09:04:59","guid":{"rendered":"https:\/\/www.seedex.it\/prodotto\/forno-a-gradiente-gr20-12\/"},"modified":"2025-09-03T11:03:30","modified_gmt":"2025-09-03T11:03:30","slug":"horno-de-gradiente-gr20-12","status":"publish","type":"product","link":"https:\/\/www.seedex.it\/es\/prodotto\/horno-de-gradiente-gr20-12\/","title":{"rendered":"HORNO DE GRADIENTE GR20-12"},"content":{"rendered":"","protected":false},"excerpt":{"rendered":"<p><span style=\"font-weight: 400;\">Un horno equipado con diferentes zonas de cocci\u00f3n con temperaturas diferenciadas (gradiente t\u00e9rmico), que siguen el mismo ciclo de cocci\u00f3n.<\/span><\/p>\n<p><span style=\"font-weight: 400;\">Caracter\u00edsticas:<\/span><\/p>\n<ul>\n<li style=\"font-weight: 400;\" aria-level=\"1\"><span style=\"font-weight: 400;\">Uniformidad de temperatura dentro de cada una de las 6 celdas de aproximadamente +\/-2\/2.5\u00b0C.<\/span><\/li>\n<li style=\"font-weight: 400;\" aria-level=\"1\"><span style=\"font-weight: 400;\">Posibilidad de fijar y gestionar gradientes m\u00ednimos de 10\u00b0C y m\u00e1ximos de 60\u00b0C entre celdas.<\/span><\/li>\n<li style=\"font-weight: 400;\" aria-level=\"1\"><span style=\"font-weight: 400;\">Capacidad para realizar ciclos r\u00e1pidos con tiempos de alcance de la temperatura m\u00e1xima de +\/-20 minutos y m\u00e1ximos de 5 horas.<\/span><\/li>\n<li style=\"font-weight: 400;\" aria-level=\"1\"><span style=\"font-weight: 400;\">Posibilidad de programar tambi\u00e9n el enfriamiento (opcional).<\/span><\/li>\n<li style=\"font-weight: 400;\" aria-level=\"1\"><span style=\"font-weight: 400;\">Gesti\u00f3n del ciclo de cocci\u00f3n a cargo de un procesador equipado con pantalla t\u00e1ctil.<\/span><\/li>\n<li style=\"font-weight: 400;\" aria-level=\"1\"><span style=\"font-weight: 400;\">Posibilidad de archivar los resultados obtenidos en las diversas celdas durante los ciclos t\u00e9rmicos; fecha de la prueba y material probado.<\/span><\/li>\n<li style=\"font-weight: 400;\" aria-level=\"1\"><span style=\"font-weight: 400;\">Posibilidad de cocer muestras con un tama\u00f1o m\u00e1ximo de 40 x 80 mm.<\/span><\/li>\n<\/ul>\n","protected":false},"featured_media":6013,"template":"","meta":{"_acf_changed":false,"_vp_format_video_url":"","_vp_image_focal_point":[]},"product_cat":[602,560],"product_tag":[],"class_list":{"0":"post-6011","1":"product","2":"type-product","3":"status-publish","4":"has-post-thumbnail","6":"product_cat-hornos-de-gradiente","7":"product_cat-laboratorio-ceramico-e-di-controllo-es","9":"first","10":"instock","11":"product-type-simple"},"acf":[],"_links":{"self":[{"href":"https:\/\/www.seedex.it\/es\/wp-json\/wp\/v2\/product\/6011"}],"collection":[{"href":"https:\/\/www.seedex.it\/es\/wp-json\/wp\/v2\/product"}],"about":[{"href":"https:\/\/www.seedex.it\/es\/wp-json\/wp\/v2\/types\/product"}],"wp:featuredmedia":[{"embeddable":true,"href":"https:\/\/www.seedex.it\/es\/wp-json\/wp\/v2\/media\/6013"}],"wp:attachment":[{"href":"https:\/\/www.seedex.it\/es\/wp-json\/wp\/v2\/media?parent=6011"}],"wp:term":[{"taxonomy":"product_cat","embeddable":true,"href":"https:\/\/www.seedex.it\/es\/wp-json\/wp\/v2\/product_cat?post=6011"},{"taxonomy":"product_tag","embeddable":true,"href":"https:\/\/www.seedex.it\/es\/wp-json\/wp\/v2\/product_tag?post=6011"}],"curies":[{"name":"wp","href":"https:\/\/api.w.org\/{rel}","templated":true}]}}