{"id":5942,"date":"2024-09-13T09:04:58","date_gmt":"2024-09-13T09:04:58","guid":{"rendered":"https:\/\/www.seedex.it\/prodotto\/filiere-manuali\/"},"modified":"2025-09-03T10:10:52","modified_gmt":"2025-09-03T10:10:52","slug":"hileras-manuales","status":"publish","type":"product","link":"https:\/\/www.seedex.it\/es\/prodotto\/hileras-manuales\/","title":{"rendered":"HILERAS MANUALES"},"content":{"rendered":"","protected":false},"excerpt":{"rendered":"<p><span style=\"font-weight: 400;\">Para pruebas de aplicaci\u00f3n de esmalte.<\/span><\/p>\n<p><span style=\"font-weight: 400;\">Varios modelos:<\/span><\/p>\n<ul>\n<li style=\"font-weight: 400;\" aria-level=\"1\"><span style=\"font-weight: 400;\">Ajustable: con tornillos microm\u00e9tricos para el ajuste fino del espesor del esmalte (de 0 a 3 mm).<\/span><\/li>\n<li style=\"font-weight: 400;\" aria-level=\"1\"><span style=\"font-weight: 400;\">Simple de 2\/3 c\u00e1maras: disponible con diferentes espesores (0.4, 0.6, 0.8 y 1 mm) y compuertas m\u00f3viles (para obtener 2 o 3 c\u00e1maras).<\/span><\/li>\n<li style=\"font-weight: 400;\" aria-level=\"1\"><span style=\"font-weight: 400;\">Simple de 2 c\u00e1maras: dos medidas diferentes utilizables simplemente volteando la hilera (1 \u2013 0.8 mm y 0.6 \u2013 0.4 mm).<\/span><\/li>\n<\/ul>\n","protected":false},"featured_media":5944,"template":"","meta":{"_acf_changed":false,"_vp_format_video_url":"","_vp_image_focal_point":[]},"product_cat":[596,560],"product_tag":[],"class_list":{"0":"post-5942","1":"product","2":"type-product","3":"status-publish","4":"has-post-thumbnail","6":"product_cat-cadenas-de-suministro","7":"product_cat-laboratorio-ceramico-e-di-controllo-es","9":"first","10":"instock","11":"product-type-simple"},"acf":[],"_links":{"self":[{"href":"https:\/\/www.seedex.it\/es\/wp-json\/wp\/v2\/product\/5942"}],"collection":[{"href":"https:\/\/www.seedex.it\/es\/wp-json\/wp\/v2\/product"}],"about":[{"href":"https:\/\/www.seedex.it\/es\/wp-json\/wp\/v2\/types\/product"}],"wp:featuredmedia":[{"embeddable":true,"href":"https:\/\/www.seedex.it\/es\/wp-json\/wp\/v2\/media\/5944"}],"wp:attachment":[{"href":"https:\/\/www.seedex.it\/es\/wp-json\/wp\/v2\/media?parent=5942"}],"wp:term":[{"taxonomy":"product_cat","embeddable":true,"href":"https:\/\/www.seedex.it\/es\/wp-json\/wp\/v2\/product_cat?post=5942"},{"taxonomy":"product_tag","embeddable":true,"href":"https:\/\/www.seedex.it\/es\/wp-json\/wp\/v2\/product_tag?post=5942"}],"curies":[{"name":"wp","href":"https:\/\/api.w.org\/{rel}","templated":true}]}}