{"id":5934,"date":"2024-09-13T09:04:58","date_gmt":"2024-09-13T09:04:58","guid":{"rendered":"https:\/\/www.seedex.it\/prodotto\/durometro-portatile-dm34pe\/"},"modified":"2025-09-03T10:04:58","modified_gmt":"2025-09-03T10:04:58","slug":"durometro-portatil-dm34pe","status":"publish","type":"product","link":"https:\/\/www.seedex.it\/es\/prodotto\/durometro-portatil-dm34pe\/","title":{"rendered":"DUR\u00d3METRO PORT\u00c1TIL DM34PE"},"content":{"rendered":"","protected":false},"excerpt":{"rendered":"<p><span style=\"font-weight: 400;\">Conceptualmente similar al Dur\u00f3metro DM34, pero en versi\u00f3n port\u00e1til y equipado con un comparador centesimal digital LCD. Construido totalmente con materiales inoxidables como acero inoxidable y lat\u00f3n. Se suministra con 5 puntas de cabeza plana, dos muelles de diferente dureza y un pr\u00e1ctico malet\u00edn.<\/span><\/p>\n","protected":false},"featured_media":5935,"template":"","meta":{"_acf_changed":false,"_vp_format_video_url":"","_vp_image_focal_point":[]},"product_cat":[594,560],"product_tag":[],"class_list":{"0":"post-5934","1":"product","2":"type-product","3":"status-publish","4":"has-post-thumbnail","6":"product_cat-durometro-es","7":"product_cat-laboratorio-ceramico-e-di-controllo-es","9":"first","10":"instock","11":"product-type-simple"},"acf":[],"_links":{"self":[{"href":"https:\/\/www.seedex.it\/es\/wp-json\/wp\/v2\/product\/5934"}],"collection":[{"href":"https:\/\/www.seedex.it\/es\/wp-json\/wp\/v2\/product"}],"about":[{"href":"https:\/\/www.seedex.it\/es\/wp-json\/wp\/v2\/types\/product"}],"wp:featuredmedia":[{"embeddable":true,"href":"https:\/\/www.seedex.it\/es\/wp-json\/wp\/v2\/media\/5935"}],"wp:attachment":[{"href":"https:\/\/www.seedex.it\/es\/wp-json\/wp\/v2\/media?parent=5934"}],"wp:term":[{"taxonomy":"product_cat","embeddable":true,"href":"https:\/\/www.seedex.it\/es\/wp-json\/wp\/v2\/product_cat?post=5934"},{"taxonomy":"product_tag","embeddable":true,"href":"https:\/\/www.seedex.it\/es\/wp-json\/wp\/v2\/product_tag?post=5934"}],"curies":[{"name":"wp","href":"https:\/\/api.w.org\/{rel}","templated":true}]}}