{"id":5918,"date":"2024-09-13T09:04:58","date_gmt":"2024-09-13T09:04:58","guid":{"rendered":"https:\/\/www.seedex.it\/prodotto\/durometri-penetrometri\/"},"modified":"2025-09-03T09:57:36","modified_gmt":"2025-09-03T09:57:36","slug":"durometros-penetrometros","status":"publish","type":"product","link":"https:\/\/www.seedex.it\/es\/prodotto\/durometros-penetrometros\/","title":{"rendered":"DUR\u00d3METROS &#8211; PENETR\u00d3METROS"},"content":{"rendered":"","protected":false},"excerpt":{"rendered":"<p><span style=\"font-weight: 400;\">Un instrumento id\u00f3neo para la determinaci\u00f3n de la dureza de arcillas extruidas (para ladrillos, tejas, baldosas de terracota, etc.) y arcillas en bloques (uso art\u00edstico y vajilla).<\/span><\/p>\n<p><b>DUR\u00d3METROS PARA SUELOS, PENETR\u00d3METROS<\/b><\/p>\n<p><span style=\"font-weight: 400;\">Instrumentos port\u00e1tiles para la medici\u00f3n de la compresi\u00f3n simple con expansi\u00f3n lateral libre.<\/span><\/p>\n","protected":false},"featured_media":5920,"template":"","meta":{"_acf_changed":false,"_vp_format_video_url":"","_vp_image_focal_point":[]},"product_cat":[594,481,560],"product_tag":[],"class_list":{"0":"post-5918","1":"product","2":"type-product","3":"status-publish","4":"has-post-thumbnail","6":"product_cat-durometro-es","7":"product_cat-industria-de-sanitarios","8":"product_cat-laboratorio-ceramico-e-di-controllo-es","10":"first","11":"instock","12":"product-type-simple"},"acf":[],"_links":{"self":[{"href":"https:\/\/www.seedex.it\/es\/wp-json\/wp\/v2\/product\/5918"}],"collection":[{"href":"https:\/\/www.seedex.it\/es\/wp-json\/wp\/v2\/product"}],"about":[{"href":"https:\/\/www.seedex.it\/es\/wp-json\/wp\/v2\/types\/product"}],"wp:featuredmedia":[{"embeddable":true,"href":"https:\/\/www.seedex.it\/es\/wp-json\/wp\/v2\/media\/5920"}],"wp:attachment":[{"href":"https:\/\/www.seedex.it\/es\/wp-json\/wp\/v2\/media?parent=5918"}],"wp:term":[{"taxonomy":"product_cat","embeddable":true,"href":"https:\/\/www.seedex.it\/es\/wp-json\/wp\/v2\/product_cat?post=5918"},{"taxonomy":"product_tag","embeddable":true,"href":"https:\/\/www.seedex.it\/es\/wp-json\/wp\/v2\/product_tag?post=5918"}],"curies":[{"name":"wp","href":"https:\/\/api.w.org\/{rel}","templated":true}]}}