{"id":5902,"date":"2024-09-13T09:04:58","date_gmt":"2024-09-13T09:04:58","guid":{"rendered":"https:\/\/www.seedex.it\/prodotto\/deprimometro-vsvd-vasca-verifica-assorbimento-liquidi\/"},"modified":"2025-09-03T09:45:28","modified_gmt":"2025-09-03T09:45:28","slug":"deprimometro-vsvd-tanque-de-verificacion-de-absorcion-de-liquidos","status":"publish","type":"product","link":"https:\/\/www.seedex.it\/es\/prodotto\/deprimometro-vsvd-tanque-de-verificacion-de-absorcion-de-liquidos\/","title":{"rendered":"DEPRIM\u00d3METRO VSVD TANQUE DE VERIFICACI\u00d3N DE ABSORCI\u00d3N DE L\u00cdQUIDOS"},"content":{"rendered":"","protected":false},"excerpt":{"rendered":"<p><span style=\"font-weight: 400;\">Tanque termostatizado normalizado, id\u00f3neo para la realizaci\u00f3n de pruebas de absorci\u00f3n de agua de baldosas cer\u00e1micas, seg\u00fan la norma UNI EN ISO 10545-3.<\/span><\/p>\n<p><b>Caracter\u00edsticas generales:<\/b><\/p>\n<ul>\n<li style=\"font-weight: 400;\" aria-level=\"1\"><span style=\"font-weight: 400;\">Tanque y cesta porta-muestras en acero inoxidable.<\/span><\/li>\n<li style=\"font-weight: 400;\" aria-level=\"1\"><span style=\"font-weight: 400;\">Base y contenedor de equipos el\u00e9ctricos en acero pintado al polvo.<\/span><\/li>\n<li style=\"font-weight: 400;\" aria-level=\"1\"><span style=\"font-weight: 400;\">Paneles de cubierta de aislamiento en acero inoxidable pintado al polvo.<\/span><\/li>\n<li style=\"font-weight: 400;\" aria-level=\"1\"><span style=\"font-weight: 400;\">Aislamiento: material aislante elastom\u00e9rico libre de hal\u00f3genos.<\/span><\/li>\n<li style=\"font-weight: 400;\" aria-level=\"1\"><span style=\"font-weight: 400;\">Tapa con asas y tubo de ventilaci\u00f3n.<\/span><\/li>\n<li style=\"font-weight: 400;\" aria-level=\"1\"><span style=\"font-weight: 400;\">Cesta id\u00f3nea para albergar 12 baldosas de 25&#215;25 cm, o 6 baldosas de 60&#215;60 cm.<\/span><\/li>\n<li style=\"font-weight: 400;\" aria-level=\"1\"><span style=\"font-weight: 400;\">Calentamiento el\u00e9ctrico mediante resistencia blindada de 4,5 Kw.<\/span><\/li>\n<li style=\"font-weight: 400;\" aria-level=\"1\"><span style=\"font-weight: 400;\">Enfriamiento mediante serpent\u00edn de agua, controlado por electrov\u00e1lvula.<\/span><\/li>\n<li style=\"font-weight: 400;\" aria-level=\"1\"><span style=\"font-weight: 400;\">Ciclo de prueba autom\u00e1tico, con se\u00f1al ac\u00fastica de fin de prueba.<\/span><\/li>\n<li style=\"font-weight: 400;\" aria-level=\"1\"><span style=\"font-weight: 400;\">Panel de control con teclado y pantalla LCD.<\/span><\/li>\n<\/ul>\n<p><b>Par\u00e1metros programables por el usuario:<\/b><\/p>\n<ul>\n<li style=\"font-weight: 400;\" aria-level=\"1\"><span style=\"font-weight: 400;\">Temperatura de ebullici\u00f3n<\/span><\/li>\n<li style=\"font-weight: 400;\" aria-level=\"1\"><span style=\"font-weight: 400;\">Tiempo de permanencia en ebullici\u00f3n<\/span><\/li>\n<li style=\"font-weight: 400;\" aria-level=\"1\"><span style=\"font-weight: 400;\">Tiempo de enfriamiento<\/span><\/li>\n<li style=\"font-weight: 400;\" aria-level=\"1\"><span style=\"font-weight: 400;\">Gradiente de enfriamiento<\/span><\/li>\n<\/ul>\n<p><span style=\"font-weight: 400;\">5 idiomas seleccionables (I \u2013 GB \u2013 F \u2013 E \u2013 D).<\/span><\/p>\n<p><span style=\"font-weight: 400;\">Alimentaci\u00f3n el\u00e9ctrica: 400V trif\u00e1sica 50\/60 Hz, 4,8 Kw.<\/span><\/p>\n<p><b>Modelo 60:<\/b><\/p>\n<ul>\n<li style=\"font-weight: 400;\" aria-level=\"1\"><span style=\"font-weight: 400;\">Pruebas hasta formato 60&#215;60 cm.<\/span><\/li>\n<li style=\"font-weight: 400;\" aria-level=\"1\"><span style=\"font-weight: 400;\">Dimensiones de encombre: 144 x 43 x 114 cm.<\/span><\/li>\n<li style=\"font-weight: 400;\" aria-level=\"1\"><span style=\"font-weight: 400;\">Peso neto: 157 Kg.<\/span><\/li>\n<\/ul>\n<p><b>Modelo 120:<\/b><\/p>\n<ul>\n<li style=\"font-weight: 400;\" aria-level=\"1\"><span style=\"font-weight: 400;\">Pruebas hasta formato 60&#215;120 cm.<\/span><\/li>\n<li style=\"font-weight: 400;\" aria-level=\"1\"><span style=\"font-weight: 400;\">Dimensiones de encombre: 204 x 43 x 114 cm.<\/span><\/li>\n<li style=\"font-weight: 400;\" aria-level=\"1\"><span style=\"font-weight: 400;\">Peso neto total: 220 Kg.<\/span><\/li>\n<\/ul>\n<p>&nbsp;<\/p>\n","protected":false},"featured_media":5903,"template":"","meta":{"_acf_changed":false,"_vp_format_video_url":"","_vp_image_focal_point":[]},"product_cat":[590,560],"product_tag":[],"class_list":{"0":"post-5902","1":"product","2":"type-product","3":"status-publish","4":"has-post-thumbnail","6":"product_cat-densimetro-vsvd","7":"product_cat-laboratorio-ceramico-e-di-controllo-es","9":"first","10":"instock","11":"product-type-simple"},"acf":[],"_links":{"self":[{"href":"https:\/\/www.seedex.it\/es\/wp-json\/wp\/v2\/product\/5902"}],"collection":[{"href":"https:\/\/www.seedex.it\/es\/wp-json\/wp\/v2\/product"}],"about":[{"href":"https:\/\/www.seedex.it\/es\/wp-json\/wp\/v2\/types\/product"}],"wp:featuredmedia":[{"embeddable":true,"href":"https:\/\/www.seedex.it\/es\/wp-json\/wp\/v2\/media\/5903"}],"wp:attachment":[{"href":"https:\/\/www.seedex.it\/es\/wp-json\/wp\/v2\/media?parent=5902"}],"wp:term":[{"taxonomy":"product_cat","embeddable":true,"href":"https:\/\/www.seedex.it\/es\/wp-json\/wp\/v2\/product_cat?post=5902"},{"taxonomy":"product_tag","embeddable":true,"href":"https:\/\/www.seedex.it\/es\/wp-json\/wp\/v2\/product_tag?post=5902"}],"curies":[{"name":"wp","href":"https:\/\/api.w.org\/{rel}","templated":true}]}}