{"id":5846,"date":"2024-09-13T09:05:15","date_gmt":"2024-09-13T09:05:15","guid":{"rendered":"https:\/\/www.seedex.it\/prodotto\/calcimetri\/"},"modified":"2025-09-03T08:49:41","modified_gmt":"2025-09-03T08:49:41","slug":"calcimetros","status":"publish","type":"product","link":"https:\/\/www.seedex.it\/es\/prodotto\/calcimetros\/","title":{"rendered":"CALCIMETROS"},"content":{"rendered":"","protected":false},"excerpt":{"rendered":"<p><span style=\"font-weight: 400;\">Para la determinaci\u00f3n porcentual del carbonato de calcio en las arcillas utilizadas en la industria cer\u00e1mica y del ladrillo, y en otros productos como calizas, margas, tierras en general, arenas, etc.<\/span><\/p>\n<p><span style=\"font-weight: 400;\">CALCIMETRO MODELO PIZZARELLI<\/span><\/p>\n<p><span style=\"font-weight: 400;\">Constituido por base, dep\u00f3sito graduado de volumen (0\/100 cc), respiradero, y dep\u00f3sito superior portareagente, probeta de 5 cc portamuestra.<\/span><\/p>\n<p><span style=\"font-weight: 400;\">Altura total: 680 mm<\/span><\/p>\n<p><span style=\"font-weight: 400;\">Peso neto: 0,7 kg<\/span><\/p>\n<p><span style=\"font-weight: 400;\">CALCIMETRO MODELO DIETRICH-FR\u00dcLING<\/span><\/p>\n<p><span style=\"font-weight: 400;\">Constituido por base con varillas met\u00e1licas, botella portamuestra, probeta portareagente, vaso graduado de vidrio para el agua de enfriamiento, serpent\u00edn de enfriamiento, dep\u00f3sito graduado de volumen (0\/200 cc) y dep\u00f3sito de nivelaci\u00f3n o recogida de agua de purga.<\/span><\/p>\n<p><span style=\"font-weight: 400;\">Dimensiones: 400x220x1000 mm<\/span><\/p>\n<p><span style=\"font-weight: 400;\">Peso neto: 12 kg<\/span><\/p>\n","protected":false},"featured_media":5848,"template":"","meta":{"_acf_changed":false,"_vp_format_video_url":"","_vp_image_focal_point":[]},"product_cat":[580,481,560],"product_tag":[],"class_list":{"0":"post-5846","1":"product","2":"type-product","3":"status-publish","4":"has-post-thumbnail","6":"product_cat-calcimetro-es-2","7":"product_cat-industria-de-sanitarios","8":"product_cat-laboratorio-ceramico-e-di-controllo-es","10":"first","11":"instock","12":"product-type-simple"},"acf":[],"_links":{"self":[{"href":"https:\/\/www.seedex.it\/es\/wp-json\/wp\/v2\/product\/5846"}],"collection":[{"href":"https:\/\/www.seedex.it\/es\/wp-json\/wp\/v2\/product"}],"about":[{"href":"https:\/\/www.seedex.it\/es\/wp-json\/wp\/v2\/types\/product"}],"wp:featuredmedia":[{"embeddable":true,"href":"https:\/\/www.seedex.it\/es\/wp-json\/wp\/v2\/media\/5848"}],"wp:attachment":[{"href":"https:\/\/www.seedex.it\/es\/wp-json\/wp\/v2\/media?parent=5846"}],"wp:term":[{"taxonomy":"product_cat","embeddable":true,"href":"https:\/\/www.seedex.it\/es\/wp-json\/wp\/v2\/product_cat?post=5846"},{"taxonomy":"product_tag","embeddable":true,"href":"https:\/\/www.seedex.it\/es\/wp-json\/wp\/v2\/product_tag?post=5846"}],"curies":[{"name":"wp","href":"https:\/\/api.w.org\/{rel}","templated":true}]}}