{"id":5780,"date":"2024-09-13T09:04:59","date_gmt":"2024-09-13T09:04:59","guid":{"rendered":"https:\/\/www.seedex.it\/prodotto\/agitatore-a-colonna-mod-alc-w-750\/"},"modified":"2025-09-03T08:20:35","modified_gmt":"2025-09-03T08:20:35","slug":"agitador-de-columna-mod-alc-w-750","status":"publish","type":"product","link":"https:\/\/www.seedex.it\/es\/prodotto\/agitador-de-columna-mod-alc-w-750\/","title":{"rendered":"AGITADOR DE COLUMNA MOD. ALC W 750"},"content":{"rendered":"","protected":false},"excerpt":{"rendered":"<p><span style=\"font-weight: 400;\">Agitador mec\u00e1nico de varilla con pantalla LED. Velocidad m\u00e1xima de agitaci\u00f3n de 20 litros. Tasa de agitaci\u00f3n regulable de 0 a 5000 rpm con una potencia de 750W. Perfecto tambi\u00e9n para fluidos y mezclas viscosas. Con sistema de protecci\u00f3n del impulsor. Grado de protecci\u00f3n IP 42. Alimentaci\u00f3n 220V.<\/span><\/p>\n<p>&nbsp;<\/p>\n<p>&nbsp;<\/p>\n","protected":false},"featured_media":5782,"template":"","meta":{"_acf_changed":false,"_vp_format_video_url":"","_vp_image_focal_point":[]},"product_cat":[566,481,560],"product_tag":[],"class_list":{"0":"post-5780","1":"product","2":"type-product","3":"status-publish","4":"has-post-thumbnail","6":"product_cat-agitador-es","7":"product_cat-industria-de-sanitarios","8":"product_cat-laboratorio-ceramico-e-di-controllo-es","10":"first","11":"instock","12":"product-type-simple"},"acf":[],"_links":{"self":[{"href":"https:\/\/www.seedex.it\/es\/wp-json\/wp\/v2\/product\/5780"}],"collection":[{"href":"https:\/\/www.seedex.it\/es\/wp-json\/wp\/v2\/product"}],"about":[{"href":"https:\/\/www.seedex.it\/es\/wp-json\/wp\/v2\/types\/product"}],"wp:featuredmedia":[{"embeddable":true,"href":"https:\/\/www.seedex.it\/es\/wp-json\/wp\/v2\/media\/5782"}],"wp:attachment":[{"href":"https:\/\/www.seedex.it\/es\/wp-json\/wp\/v2\/media?parent=5780"}],"wp:term":[{"taxonomy":"product_cat","embeddable":true,"href":"https:\/\/www.seedex.it\/es\/wp-json\/wp\/v2\/product_cat?post=5780"},{"taxonomy":"product_tag","embeddable":true,"href":"https:\/\/www.seedex.it\/es\/wp-json\/wp\/v2\/product_tag?post=5780"}],"curies":[{"name":"wp","href":"https:\/\/api.w.org\/{rel}","templated":true}]}}