{"id":5765,"date":"2024-09-13T09:04:59","date_gmt":"2024-09-13T09:04:59","guid":{"rendered":"https:\/\/www.seedex.it\/prodotto\/affilaracle-manuale\/"},"modified":"2025-09-03T08:10:39","modified_gmt":"2025-09-03T08:10:39","slug":"afiladora-manual-de-racletas","status":"publish","type":"product","link":"https:\/\/www.seedex.it\/es\/prodotto\/afiladora-manual-de-racletas\/","title":{"rendered":"Afiladora Manual de Racletas"},"content":{"rendered":"","protected":false},"excerpt":{"rendered":"<p><span style=\"font-weight: 400;\">Equipo utilizado para afilar las racletas serigr\u00e1ficas empleadas tanto en bases de impresi\u00f3n manuales como semi-autom\u00e1ticas. Estructura s\u00f3lida de acero, con muela afiladora de movimiento manual. Alimentaci\u00f3n el\u00e9ctrica: 400 V 50\/60Hz.<\/span><\/p>\n","protected":false},"featured_media":5767,"template":"","meta":{"_acf_changed":false,"_vp_format_video_url":"","_vp_image_focal_point":[]},"product_cat":[564,560],"product_tag":[],"class_list":{"0":"post-5765","1":"product","2":"type-product","3":"status-publish","4":"has-post-thumbnail","6":"product_cat-afilar","7":"product_cat-laboratorio-ceramico-e-di-controllo-es","9":"first","10":"instock","11":"product-type-simple"},"acf":[],"_links":{"self":[{"href":"https:\/\/www.seedex.it\/es\/wp-json\/wp\/v2\/product\/5765"}],"collection":[{"href":"https:\/\/www.seedex.it\/es\/wp-json\/wp\/v2\/product"}],"about":[{"href":"https:\/\/www.seedex.it\/es\/wp-json\/wp\/v2\/types\/product"}],"wp:featuredmedia":[{"embeddable":true,"href":"https:\/\/www.seedex.it\/es\/wp-json\/wp\/v2\/media\/5767"}],"wp:attachment":[{"href":"https:\/\/www.seedex.it\/es\/wp-json\/wp\/v2\/media?parent=5765"}],"wp:term":[{"taxonomy":"product_cat","embeddable":true,"href":"https:\/\/www.seedex.it\/es\/wp-json\/wp\/v2\/product_cat?post=5765"},{"taxonomy":"product_tag","embeddable":true,"href":"https:\/\/www.seedex.it\/es\/wp-json\/wp\/v2\/product_tag?post=5765"}],"curies":[{"name":"wp","href":"https:\/\/api.w.org\/{rel}","templated":true}]}}