{"id":5668,"date":"2025-06-17T12:36:28","date_gmt":"2025-06-17T12:36:28","guid":{"rendered":"https:\/\/www.seedex.it\/prodotto\/seiko\/"},"modified":"2025-09-02T15:53:08","modified_gmt":"2025-09-02T15:53:08","slug":"seiko","status":"publish","type":"product","link":"https:\/\/www.seedex.it\/es\/prodotto\/seiko\/","title":{"rendered":"SEIKO"},"content":{"rendered":"","protected":false},"excerpt":{"rendered":"<p><span style=\"font-weight: 400;\">Cabezal de impresi\u00f3n para uso cer\u00e1mico Seiko. Todos los tipos utilizados en impresoras digitales cer\u00e1micas (RC1536M, RC1536L, HRC1536M, HRC1536L, etc.). Cabezales de impresi\u00f3n, cables de conexi\u00f3n y otros accesorios y repuestos relacionados.<\/span><\/p>\n","protected":false},"featured_media":5669,"template":"","meta":{"_acf_changed":false,"_vp_format_video_url":"","_vp_image_focal_point":[]},"product_cat":[440,441],"product_tag":[],"class_list":{"0":"post-5668","1":"product","2":"type-product","3":"status-publish","4":"has-post-thumbnail","6":"product_cat-impresion-digital-ceramica","7":"product_cat-ricambi-e-consumabili-es","9":"first","10":"instock","11":"product-type-simple"},"acf":[],"_links":{"self":[{"href":"https:\/\/www.seedex.it\/es\/wp-json\/wp\/v2\/product\/5668"}],"collection":[{"href":"https:\/\/www.seedex.it\/es\/wp-json\/wp\/v2\/product"}],"about":[{"href":"https:\/\/www.seedex.it\/es\/wp-json\/wp\/v2\/types\/product"}],"wp:featuredmedia":[{"embeddable":true,"href":"https:\/\/www.seedex.it\/es\/wp-json\/wp\/v2\/media\/5669"}],"wp:attachment":[{"href":"https:\/\/www.seedex.it\/es\/wp-json\/wp\/v2\/media?parent=5668"}],"wp:term":[{"taxonomy":"product_cat","embeddable":true,"href":"https:\/\/www.seedex.it\/es\/wp-json\/wp\/v2\/product_cat?post=5668"},{"taxonomy":"product_tag","embeddable":true,"href":"https:\/\/www.seedex.it\/es\/wp-json\/wp\/v2\/product_tag?post=5668"}],"curies":[{"name":"wp","href":"https:\/\/api.w.org\/{rel}","templated":true}]}}