{"id":5654,"date":"2024-09-13T09:05:31","date_gmt":"2024-09-13T09:05:31","guid":{"rendered":"https:\/\/www.seedex.it\/prodotto\/rigenera\/"},"modified":"2025-09-02T15:46:53","modified_gmt":"2025-09-02T15:46:53","slug":"rigenera","status":"publish","type":"product","link":"https:\/\/www.seedex.it\/es\/prodotto\/rigenera\/","title":{"rendered":"RIGENERA"},"content":{"rendered":"","protected":false},"excerpt":{"rendered":"<p><b>Rigenera: La soluci\u00f3n definitiva para la limpieza de cabezales de impresi\u00f3n\u00a0<\/b><\/p>\n<p><span style=\"font-weight: 400;\">Rigenera se posiciona como la soluci\u00f3n de excelencia en el campo de la limpieza de cabezales de impresi\u00f3n. Esta maquinaria de vanguardia es capaz de limpiar simult\u00e1neamente hasta cuatro cabezales de impresi\u00f3n, garantizando un rendimiento superior y resultados impecables.<\/span><\/p>\n<p><span style=\"font-weight: 400;\">Limpieza y prueba integradas Adem\u00e1s de su potente sistema de limpieza, Rigenera integra un probador de impresi\u00f3n que permite a los t\u00e9cnicos verificar inmediatamente la eficacia del proceso. Esta funcionalidad combinada optimiza los tiempos y asegura la m\u00e1xima calidad.<\/span><\/p>\n<p><span style=\"font-weight: 400;\">Versatilidad y configuraci\u00f3n La m\u00e1quina, denominada &#8220;Duo&#8221;, est\u00e1 equipada con dos estaciones de limpieza. Estas pueden albergar tarjetas electr\u00f3nicas para una amplia gama de marcas, incluyendo Dimatix, Xaar, Seiko y muchas otras. Rigenera Duo puede configurarse con un m\u00e1ximo de dos tarjetas electr\u00f3nicas, incluso de marcas diferentes, permitiendo la limpieza simult\u00e1nea de distintos cabezales. Adem\u00e1s, es posible adquirir una tarjeta electr\u00f3nica adicional y reemplazarla en pocos minutos, sin necesidad de asistencia t\u00e9cnica externa.<\/span><\/p>\n<p><span style=\"font-weight: 400;\">Ventajas principales Los puntos fuertes de Rigenera incluyen:<\/span><\/p>\n<ul>\n<li style=\"font-weight: 400;\" aria-level=\"1\"><span style=\"font-weight: 400;\">Limpieza simult\u00e1nea: Capacidad de limpiar m\u00faltiples cabezales de impresi\u00f3n al mismo tiempo.<\/span><\/li>\n<li style=\"font-weight: 400;\" aria-level=\"1\"><span style=\"font-weight: 400;\">Compatibilidad multimarca: Si se configura con dos tarjetas electr\u00f3nicas diferentes, puede limpiar simult\u00e1neamente cabezales de dos marcas distintas.<\/span><\/li>\n<li style=\"font-weight: 400;\" aria-level=\"1\"><span style=\"font-weight: 400;\">Prueba de impresi\u00f3n integrada: Equipada con un probador de impresi\u00f3n simple pero efectivo para una verificaci\u00f3n inmediata.<\/span><\/li>\n<\/ul>\n<p>&nbsp;<\/p>\n","protected":false},"featured_media":5656,"template":"","meta":{"_acf_changed":false,"_vp_format_video_url":"","_vp_image_focal_point":[]},"product_cat":[440,555,556],"product_tag":[],"class_list":{"0":"post-5654","1":"product","2":"type-product","3":"status-publish","4":"has-post-thumbnail","6":"product_cat-impresion-digital-ceramica","7":"product_cat-pulizia-e-controllo-testine-es","8":"product_cat-rigenera-es","10":"first","11":"instock","12":"product-type-simple"},"acf":[],"_links":{"self":[{"href":"https:\/\/www.seedex.it\/es\/wp-json\/wp\/v2\/product\/5654"}],"collection":[{"href":"https:\/\/www.seedex.it\/es\/wp-json\/wp\/v2\/product"}],"about":[{"href":"https:\/\/www.seedex.it\/es\/wp-json\/wp\/v2\/types\/product"}],"wp:featuredmedia":[{"embeddable":true,"href":"https:\/\/www.seedex.it\/es\/wp-json\/wp\/v2\/media\/5656"}],"wp:attachment":[{"href":"https:\/\/www.seedex.it\/es\/wp-json\/wp\/v2\/media?parent=5654"}],"wp:term":[{"taxonomy":"product_cat","embeddable":true,"href":"https:\/\/www.seedex.it\/es\/wp-json\/wp\/v2\/product_cat?post=5654"},{"taxonomy":"product_tag","embeddable":true,"href":"https:\/\/www.seedex.it\/es\/wp-json\/wp\/v2\/product_tag?post=5654"}],"curies":[{"name":"wp","href":"https:\/\/api.w.org\/{rel}","templated":true}]}}