{"id":5630,"date":"2025-06-17T12:54:02","date_gmt":"2025-06-17T12:54:02","guid":{"rendered":"https:\/\/www.seedex.it\/prodotto\/stir-ink\/"},"modified":"2025-09-02T15:35:52","modified_gmt":"2025-09-02T15:35:52","slug":"stir-ink","status":"publish","type":"product","link":"https:\/\/www.seedex.it\/es\/prodotto\/stir-ink\/","title":{"rendered":"STIR INK"},"content":{"rendered":"","protected":false},"excerpt":{"rendered":"<p><span style=\"font-weight: 400;\">Una unidad completa para el almacenamiento, recirculaci\u00f3n, filtraci\u00f3n y extracci\u00f3n de tinta para impresoras cer\u00e1micas digitales, que incluye:<\/span><\/p>\n<ul>\n<li style=\"font-weight: 400;\" aria-level=\"1\"><span style=\"font-weight: 400;\">Armario esmaltado<\/span><\/li>\n<li style=\"font-weight: 400;\" aria-level=\"1\"><span style=\"font-weight: 400;\">Unidad de reducci\u00f3n y regulaci\u00f3n de aire comprimido completa con man\u00f3metro (0-10 bar) para controlar la presi\u00f3n de dosificaci\u00f3n de la bomba<\/span><\/li>\n<li style=\"font-weight: 400;\" aria-level=\"1\"><span style=\"font-weight: 400;\">2 electrov\u00e1lvulas<\/span><\/li>\n<li style=\"font-weight: 400;\" aria-level=\"1\"><span style=\"font-weight: 400;\">Bomba doble de diafragma de \u00bd\u201d en PP<\/span><\/li>\n<li style=\"font-weight: 400;\" aria-level=\"1\"><span style=\"font-weight: 400;\">Juego de tuber\u00edas de PVC para carga, descarga y recirculaci\u00f3n del producto<\/span><\/li>\n<li style=\"font-weight: 400;\" aria-level=\"1\"><span style=\"font-weight: 400;\">Juego de accesorios<\/span><\/li>\n<li style=\"font-weight: 400;\" aria-level=\"1\"><span style=\"font-weight: 400;\">1 tubo y conector para dosificaci\u00f3n<\/span><\/li>\n<li style=\"font-weight: 400;\" aria-level=\"1\"><span style=\"font-weight: 400;\">Juego de accesorios y conexiones de apriete para alojamiento de filtro de 10\u201d<\/span><\/li>\n<li style=\"font-weight: 400;\" aria-level=\"1\"><span style=\"font-weight: 400;\">Alojamiento para filtro de 10\u201d<\/span><\/li>\n<li style=\"font-weight: 400;\" aria-level=\"1\"><span style=\"font-weight: 400;\">Tuber\u00eda completa con grifo para descargar el producto filtrado desde el lado frontal de Stir-Ink, controlado por una electrov\u00e1lvula neum\u00e1tica (la descarga se realiza desde el filtro para garantizar la calidad del producto extra\u00eddo).<\/span><\/li>\n<\/ul>\n","protected":false},"featured_media":5631,"template":"","meta":{"_acf_changed":false,"_vp_format_video_url":"","_vp_image_focal_point":[]},"product_cat":[552,440],"product_tag":[],"class_list":{"0":"post-5630","1":"product","2":"type-product","3":"status-publish","4":"has-post-thumbnail","6":"product_cat-inchiostri-es","7":"product_cat-impresion-digital-ceramica","9":"first","10":"instock","11":"product-type-simple"},"acf":[],"_links":{"self":[{"href":"https:\/\/www.seedex.it\/es\/wp-json\/wp\/v2\/product\/5630"}],"collection":[{"href":"https:\/\/www.seedex.it\/es\/wp-json\/wp\/v2\/product"}],"about":[{"href":"https:\/\/www.seedex.it\/es\/wp-json\/wp\/v2\/types\/product"}],"wp:featuredmedia":[{"embeddable":true,"href":"https:\/\/www.seedex.it\/es\/wp-json\/wp\/v2\/media\/5631"}],"wp:attachment":[{"href":"https:\/\/www.seedex.it\/es\/wp-json\/wp\/v2\/media?parent=5630"}],"wp:term":[{"taxonomy":"product_cat","embeddable":true,"href":"https:\/\/www.seedex.it\/es\/wp-json\/wp\/v2\/product_cat?post=5630"},{"taxonomy":"product_tag","embeddable":true,"href":"https:\/\/www.seedex.it\/es\/wp-json\/wp\/v2\/product_tag?post=5630"}],"curies":[{"name":"wp","href":"https:\/\/api.w.org\/{rel}","templated":true}]}}