{"id":5509,"date":"2024-09-13T09:05:17","date_gmt":"2024-09-13T09:05:17","guid":{"rendered":"https:\/\/www.seedex.it\/prodotto\/i1io-tavolo-di-scansione-automatica-per-eye-one\/"},"modified":"2025-09-02T13:23:23","modified_gmt":"2025-09-02T13:23:23","slug":"mesa-de-escaneo-automatica-i1io-para-eye-one","status":"publish","type":"product","link":"https:\/\/www.seedex.it\/es\/prodotto\/mesa-de-escaneo-automatica-i1io-para-eye-one\/","title":{"rendered":"MESA DE ESCANEO AUTOM\u00c1TICA I1IO PARA EYE-ONE"},"content":{"rendered":"","protected":false},"excerpt":{"rendered":"<p><span style=\"font-weight: 400;\">La <\/span><b>mesa de escaneo autom\u00e1tica i1iO<\/b><span style=\"font-weight: 400;\"> de X-Rite permite la lectura de cartas de prueba sin usar las manos para crear perfiles de color autom\u00e1ticos en una variedad de sustratos, reduciendo el riesgo de errores de medici\u00f3n.<\/span><\/p>\n<p><span style=\"font-weight: 400;\">La i1iO es un sistema para la lectura autom\u00e1tica de las testcharts compatible con todos los dispositivos i1Pro. Es ideal para dise\u00f1adores gr\u00e1ficos, t\u00e9cnicos e impresores que desean acelerar y automatizar el proceso de medici\u00f3n y eliminar la lectura manual de los parches. Simplemente conecte el instrumento, coloque la carta y deje que la mesa de escaneo autom\u00e1tica haga el resto.<\/span><\/p>\n<p><b>Ventajas:<\/b><\/p>\n<ul>\n<li style=\"font-weight: 400;\" aria-level=\"1\"><span style=\"font-weight: 400;\">Automatiza el proceso de creaci\u00f3n de perfiles de color, con resultados r\u00e1pidos, uniformes y fiables.<\/span><\/li>\n<li style=\"font-weight: 400;\" aria-level=\"1\"><span style=\"font-weight: 400;\">Reduce el riesgo de errores de medici\u00f3n y aumenta notablemente la productividad.<\/span><\/li>\n<li style=\"font-weight: 400;\" aria-level=\"1\"><span style=\"font-weight: 400;\">Lee m\u00e1s de 500 muestras por minuto.<\/span><\/li>\n<li style=\"font-weight: 400;\" aria-level=\"1\"><span style=\"font-weight: 400;\">Mide una variedad de soportes, con un espesor de hasta 10 mm.<\/span><\/li>\n<\/ul>\n<p><span style=\"font-weight: 400;\">La mesa de escaneo autom\u00e1tica se puede combinar con la versi\u00f3n correspondiente del <\/span><b>instrumento Eye-One<\/b><span style=\"font-weight: 400;\">.<\/span><\/p>\n","protected":false},"featured_media":5511,"template":"","meta":{"_acf_changed":false,"_vp_format_video_url":"","_vp_image_focal_point":[]},"product_cat":[473,525,528],"product_tag":[],"class_list":{"0":"post-5509","1":"product","2":"type-product","3":"status-publish","4":"has-post-thumbnail","6":"product_cat-procesamiento-grafico-digital","7":"product_cat-sistemi-di-misura-es","8":"product_cat-tavola-di-lettura-automatica-per-eyeone-es","10":"first","11":"instock","12":"product-type-simple"},"acf":[],"_links":{"self":[{"href":"https:\/\/www.seedex.it\/es\/wp-json\/wp\/v2\/product\/5509"}],"collection":[{"href":"https:\/\/www.seedex.it\/es\/wp-json\/wp\/v2\/product"}],"about":[{"href":"https:\/\/www.seedex.it\/es\/wp-json\/wp\/v2\/types\/product"}],"wp:featuredmedia":[{"embeddable":true,"href":"https:\/\/www.seedex.it\/es\/wp-json\/wp\/v2\/media\/5511"}],"wp:attachment":[{"href":"https:\/\/www.seedex.it\/es\/wp-json\/wp\/v2\/media?parent=5509"}],"wp:term":[{"taxonomy":"product_cat","embeddable":true,"href":"https:\/\/www.seedex.it\/es\/wp-json\/wp\/v2\/product_cat?post=5509"},{"taxonomy":"product_tag","embeddable":true,"href":"https:\/\/www.seedex.it\/es\/wp-json\/wp\/v2\/product_tag?post=5509"}],"curies":[{"name":"wp","href":"https:\/\/api.w.org\/{rel}","templated":true}]}}