{"id":5495,"date":"2024-09-13T09:05:17","date_gmt":"2024-09-13T09:05:17","guid":{"rendered":"https:\/\/www.seedex.it\/prodotto\/spectropad-barbieri\/"},"modified":"2025-09-02T13:06:49","modified_gmt":"2025-09-02T13:06:49","slug":"spectropad","status":"publish","type":"product","link":"https:\/\/www.seedex.it\/es\/prodotto\/spectropad\/","title":{"rendered":"Spectropad"},"content":{"rendered":"","protected":false},"excerpt":{"rendered":"<p><span style=\"font-weight: 400;\">El <\/span><b>Spectropad<\/b><span style=\"font-weight: 400;\"> es un revolucionario dispositivo de medici\u00f3n del color y control de procesos. Este espectrofot\u00f3metro port\u00e1til y profesional mide una amplia variedad de soportes reflectantes diferentes utilizados en la impresi\u00f3n digital. Gracias a su independencia de un ordenador, tambi\u00e9n puede utilizarse directamente en la impresora. Su pantalla t\u00e1ctil integrada permite la interacci\u00f3n con el dispositivo y proporciona resultados de medici\u00f3n instant\u00e1neos.<\/span><\/p>\n<p><span style=\"font-weight: 400;\">Este instrumento port\u00e1til utiliza la misma tecnolog\u00eda ya implementada con \u00e9xito en el instrumento <\/span><b>Spectro LFP<\/b><span style=\"font-weight: 400;\"> (disponible bajo pedido).<\/span><\/p>\n","protected":false},"featured_media":5497,"template":"","meta":{"_acf_changed":false,"_vp_format_video_url":"","_vp_image_focal_point":[]},"product_cat":[473,525,526],"product_tag":[],"class_list":{"0":"post-5495","1":"product","2":"type-product","3":"status-publish","4":"has-post-thumbnail","6":"product_cat-procesamiento-grafico-digital","7":"product_cat-sistemi-di-misura-es","8":"product_cat-spettrofotometro-spectropad-barbieri-es","10":"first","11":"instock","12":"product-type-simple"},"acf":[],"_links":{"self":[{"href":"https:\/\/www.seedex.it\/es\/wp-json\/wp\/v2\/product\/5495"}],"collection":[{"href":"https:\/\/www.seedex.it\/es\/wp-json\/wp\/v2\/product"}],"about":[{"href":"https:\/\/www.seedex.it\/es\/wp-json\/wp\/v2\/types\/product"}],"wp:featuredmedia":[{"embeddable":true,"href":"https:\/\/www.seedex.it\/es\/wp-json\/wp\/v2\/media\/5497"}],"wp:attachment":[{"href":"https:\/\/www.seedex.it\/es\/wp-json\/wp\/v2\/media?parent=5495"}],"wp:term":[{"taxonomy":"product_cat","embeddable":true,"href":"https:\/\/www.seedex.it\/es\/wp-json\/wp\/v2\/product_cat?post=5495"},{"taxonomy":"product_tag","embeddable":true,"href":"https:\/\/www.seedex.it\/es\/wp-json\/wp\/v2\/product_tag?post=5495"}],"curies":[{"name":"wp","href":"https:\/\/api.w.org\/{rel}","templated":true}]}}