{"id":5440,"date":"2024-09-13T09:05:16","date_gmt":"2024-09-13T09:05:16","guid":{"rendered":"https:\/\/www.seedex.it\/prodotto\/colorimetro-digitale-portatile-2\/"},"modified":"2025-09-02T10:39:35","modified_gmt":"2025-09-02T10:39:35","slug":"colorimetro-digital-portatil","status":"publish","type":"product","link":"https:\/\/www.seedex.it\/es\/prodotto\/colorimetro-digital-portatil\/","title":{"rendered":"COLOR\u00cdMETRO DIGITAL PORT\u00c1TIL."},"content":{"rendered":"","protected":false},"excerpt":{"rendered":"<p data-start=\"708\" data-end=\"886\">El espectrocolor\u00edmetro RM200QC Imaging est\u00e1 dise\u00f1ado para garantizar una comparaci\u00f3n estable del color en materiales y productos, siempre que el control del color sea importante.<\/p>\n<p data-start=\"888\" data-end=\"985\">Instrumento pr\u00e1ctico y de bolsillo, perfecto para el control del color en laboratorio o en l\u00ednea.<\/p>\n<p data-start=\"987\" data-end=\"1071\">Sistema con geometr\u00eda 45\u00b0\/0 y fuente de luz LED, con un \u00e1rea de lectura de 4 y 8 mm.<\/p>\n<p data-start=\"1073\" data-end=\"1186\">Con interfaz USB que permite la recarga del instrumento y la descarga de las mediciones al ordenador.<\/p>\n<p data-start=\"1073\" data-end=\"1186\"><br data-start=\"1174\" data-end=\"1177\" \/>Usos:<\/p>\n<p data-start=\"1188\" data-end=\"1269\">\u2013 Verificaci\u00f3n de la estabilidad del color durante todo el proceso de producci\u00f3n.<\/p>\n<p data-start=\"1271\" data-end=\"1330\">\u2013 Control de calidad inmediato con procedimiento Pass\/Fail.<\/p>\n","protected":false},"featured_media":5442,"template":"","meta":{"_acf_changed":false,"_vp_format_video_url":"","_vp_image_focal_point":[]},"product_cat":[480,472,481,473],"product_tag":[],"class_list":{"0":"post-5440","1":"product","2":"type-product","3":"status-publish","4":"has-post-thumbnail","6":"product_cat-colorimetro-rm200qc-es","7":"product_cat-controllo-colore-e-prodotto-es","8":"product_cat-industria-de-sanitarios","9":"product_cat-procesamiento-grafico-digital","11":"first","12":"instock","13":"product-type-simple"},"acf":[],"_links":{"self":[{"href":"https:\/\/www.seedex.it\/es\/wp-json\/wp\/v2\/product\/5440"}],"collection":[{"href":"https:\/\/www.seedex.it\/es\/wp-json\/wp\/v2\/product"}],"about":[{"href":"https:\/\/www.seedex.it\/es\/wp-json\/wp\/v2\/types\/product"}],"wp:featuredmedia":[{"embeddable":true,"href":"https:\/\/www.seedex.it\/es\/wp-json\/wp\/v2\/media\/5442"}],"wp:attachment":[{"href":"https:\/\/www.seedex.it\/es\/wp-json\/wp\/v2\/media?parent=5440"}],"wp:term":[{"taxonomy":"product_cat","embeddable":true,"href":"https:\/\/www.seedex.it\/es\/wp-json\/wp\/v2\/product_cat?post=5440"},{"taxonomy":"product_tag","embeddable":true,"href":"https:\/\/www.seedex.it\/es\/wp-json\/wp\/v2\/product_tag?post=5440"}],"curies":[{"name":"wp","href":"https:\/\/api.w.org\/{rel}","templated":true}]}}