{"id":5425,"date":"2025-06-18T12:23:15","date_gmt":"2025-06-18T12:23:15","guid":{"rendered":"https:\/\/www.seedex.it\/prodotto\/colorimetro\/"},"modified":"2025-09-02T10:17:17","modified_gmt":"2025-09-02T10:17:17","slug":"colorimetro","status":"publish","type":"product","link":"https:\/\/www.seedex.it\/es\/prodotto\/colorimetro\/","title":{"rendered":"Color\u00edmetro"},"content":{"rendered":"","protected":false},"excerpt":{"rendered":"<p><span style=\"font-weight: 400;\">Los <\/span><b>color\u00edmetros<\/b><span style=\"font-weight: 400;\"> son fundamentales para verificar que el color de los productos cer\u00e1micos se encuentre dentro de los par\u00e1metros establecidos, lo que garantiza la coherencia de la producci\u00f3n. Permiten analizar y reproducir fielmente los colores deseados, tanto para nuevos productos como para la correspondencia con muestras existentes.<\/span><\/p>\n","protected":false},"featured_media":5426,"template":"","meta":{"_acf_changed":false,"_vp_format_video_url":"","_vp_image_focal_point":[]},"product_cat":[476,473,477],"product_tag":[],"class_list":{"0":"post-5425","1":"product","2":"type-product","3":"status-publish","4":"has-post-thumbnail","6":"product_cat-featured-es","7":"product_cat-procesamiento-grafico-digital","8":"product_cat-spettrofotometri-a-sfera-es","10":"first","11":"instock","12":"product-type-simple"},"acf":[],"_links":{"self":[{"href":"https:\/\/www.seedex.it\/es\/wp-json\/wp\/v2\/product\/5425"}],"collection":[{"href":"https:\/\/www.seedex.it\/es\/wp-json\/wp\/v2\/product"}],"about":[{"href":"https:\/\/www.seedex.it\/es\/wp-json\/wp\/v2\/types\/product"}],"wp:featuredmedia":[{"embeddable":true,"href":"https:\/\/www.seedex.it\/es\/wp-json\/wp\/v2\/media\/5426"}],"wp:attachment":[{"href":"https:\/\/www.seedex.it\/es\/wp-json\/wp\/v2\/media?parent=5425"}],"wp:term":[{"taxonomy":"product_cat","embeddable":true,"href":"https:\/\/www.seedex.it\/es\/wp-json\/wp\/v2\/product_cat?post=5425"},{"taxonomy":"product_tag","embeddable":true,"href":"https:\/\/www.seedex.it\/es\/wp-json\/wp\/v2\/product_tag?post=5425"}],"curies":[{"name":"wp","href":"https:\/\/api.w.org\/{rel}","templated":true}]}}