{"id":5418,"date":"2024-09-13T09:05:16","date_gmt":"2024-09-13T09:05:16","guid":{"rendered":"https:\/\/www.seedex.it\/prodotto\/cabine-luce-per-la-valutazione-del-colore\/"},"modified":"2025-09-02T10:12:21","modified_gmt":"2025-09-02T10:12:21","slug":"cabinas-de-luz-para-la-evaluacion-del-color","status":"publish","type":"product","link":"https:\/\/www.seedex.it\/es\/prodotto\/cabinas-de-luz-para-la-evaluacion-del-color\/","title":{"rendered":"CABINAS DE LUZ PARA LA EVALUACI\u00d3N DEL COLOR"},"content":{"rendered":"","protected":false},"excerpt":{"rendered":"<p><span style=\"font-weight: 400;\">La cabina de luz es un componente fundamental para la <\/span><b>verificaci\u00f3n del color del producto terminado<\/b><span style=\"font-weight: 400;\">. Estos instrumentos se utilizan tanto en la <\/span><b>evaluaci\u00f3n de la calidad de los productos fabricados<\/b><span style=\"font-weight: 400;\"> como en la <\/span><b>elaboraci\u00f3n de nuevos dise\u00f1os y combinaciones<\/b><span style=\"font-weight: 400;\">.<\/span><\/p>\n<p><span style=\"font-weight: 400;\">Ofrecen m\u00faltiples posibilidades, permitiendo simular la iluminaci\u00f3n natural o artificial seg\u00fan los criterios definidos por la normativa o por el cliente.<\/span><\/p>\n<p><span style=\"font-weight: 400;\">Hay varias versiones disponibles, que difieren en tama\u00f1o y tipos de fuentes de luz.<\/span><\/p>\n","protected":false},"featured_media":5420,"template":"","meta":{"_acf_changed":false,"_vp_format_video_url":"","_vp_image_focal_point":[]},"product_cat":[471,472,473],"product_tag":[],"class_list":{"0":"post-5418","1":"product","2":"type-product","3":"status-publish","4":"has-post-thumbnail","6":"product_cat-cabine-luce-es","7":"product_cat-controllo-colore-e-prodotto-es","8":"product_cat-procesamiento-grafico-digital","10":"first","11":"instock","12":"product-type-simple"},"acf":[],"_links":{"self":[{"href":"https:\/\/www.seedex.it\/es\/wp-json\/wp\/v2\/product\/5418"}],"collection":[{"href":"https:\/\/www.seedex.it\/es\/wp-json\/wp\/v2\/product"}],"about":[{"href":"https:\/\/www.seedex.it\/es\/wp-json\/wp\/v2\/types\/product"}],"wp:featuredmedia":[{"embeddable":true,"href":"https:\/\/www.seedex.it\/es\/wp-json\/wp\/v2\/media\/5420"}],"wp:attachment":[{"href":"https:\/\/www.seedex.it\/es\/wp-json\/wp\/v2\/media?parent=5418"}],"wp:term":[{"taxonomy":"product_cat","embeddable":true,"href":"https:\/\/www.seedex.it\/es\/wp-json\/wp\/v2\/product_cat?post=5418"},{"taxonomy":"product_tag","embeddable":true,"href":"https:\/\/www.seedex.it\/es\/wp-json\/wp\/v2\/product_tag?post=5418"}],"curies":[{"name":"wp","href":"https:\/\/api.w.org\/{rel}","templated":true}]}}